{"id":2013,"date":"2023-03-29T02:54:53","date_gmt":"2023-03-29T02:54:53","guid":{"rendered":"https:\/\/bodeguitadelestambre.com\/?post_type=product&#038;p=2013"},"modified":"2025-04-13T01:04:56","modified_gmt":"2025-04-13T01:04:56","slug":"macrame-hilo-de-algodon","status":"publish","type":"product","link":"https:\/\/bodeguitadelestambre.com\/?product=macrame-hilo-de-algodon","title":{"rendered":"Macram\u00e9 &#8211; Hilo de Algod\u00f3n"},"content":{"rendered":"<p>100% Algod\u00f3n, Grosor de 3mm. Ideal para trabajos en t\u00e9cnica de macram\u00e9 o ganchillo como manteles, tapetes, bolsos, adornos.<\/p>\n","protected":false},"excerpt":{"rendered":"<p>100% Algod\u00f3n, Grosor de 3mm. Ideal para trabajos en t\u00e9cnica de macram\u00e9 o ganchillo como manteles, tapetes, bolsos, adornos.<\/p>\n","protected":false},"featured_media":2031,"template":"","meta":{"_uag_custom_page_level_css":"","site-sidebar-layout":"default","site-content-layout":"default","ast-global-header-display":"","ast-main-header-display":"","ast-hfb-above-header-display":"","ast-hfb-below-header-display":"","ast-hfb-mobile-header-display":"","site-post-title":"","ast-breadcrumbs-content":"","ast-featured-img":"","footer-sml-layout":"","theme-transparent-header-meta":"default","adv-header-id-meta":"","stick-header-meta":"","header-above-stick-meta":"","header-main-stick-meta":"","header-below-stick-meta":""},"product_cat":[22,31,49,46],"product_tag":[],"uagb_featured_image_src":{"full":["https:\/\/bodeguitadelestambre.com\/wp-content\/uploads\/2023\/03\/M_Verde_Limon_16-scaled.jpg",2560,1916,false],"thumbnail":["https:\/\/bodeguitadelestambre.com\/wp-content\/uploads\/2023\/03\/M_Verde_Limon_16-150x150.jpg",150,150,true],"medium":["https:\/\/bodeguitadelestambre.com\/wp-content\/uploads\/2023\/03\/M_Verde_Limon_16-300x224.jpg",300,224,true],"medium_large":["https:\/\/bodeguitadelestambre.com\/wp-content\/uploads\/2023\/03\/M_Verde_Limon_16-768x575.jpg",768,575,true],"large":["https:\/\/bodeguitadelestambre.com\/wp-content\/uploads\/2023\/03\/M_Verde_Limon_16-1024x766.jpg",1024,766,true],"1536x1536":["https:\/\/bodeguitadelestambre.com\/wp-content\/uploads\/2023\/03\/M_Verde_Limon_16-1536x1149.jpg",1536,1149,true],"2048x2048":["https:\/\/bodeguitadelestambre.com\/wp-content\/uploads\/2023\/03\/M_Verde_Limon_16-2048x1532.jpg",2048,1532,true],"woocommerce_thumbnail":["https:\/\/bodeguitadelestambre.com\/wp-content\/uploads\/2023\/03\/M_Verde_Limon_16-scaled-200x150.jpg",200,150,true],"woocommerce_single":["https:\/\/bodeguitadelestambre.com\/wp-content\/uploads\/2023\/03\/M_Verde_Limon_16-scaled-600x449.jpg",600,449,true],"woocommerce_gallery_thumbnail":["https:\/\/bodeguitadelestambre.com\/wp-content\/uploads\/2023\/03\/M_Verde_Limon_16-scaled-100x100.jpg",100,100,true]},"uagb_author_info":{"display_name":"Marcos Morales","author_link":"https:\/\/bodeguitadelestambre.com\/?author=0"},"uagb_comment_info":0,"uagb_excerpt":"100% Algod\u00f3n, Grosor de 3mm. Ideal para trabajos en t\u00e9cnica de macram\u00e9 o ganchillo como manteles, tapetes, bolsos, adornos.","_links":{"self":[{"href":"https:\/\/bodeguitadelestambre.com\/index.php?rest_route=\/wp\/v2\/product\/2013"}],"collection":[{"href":"https:\/\/bodeguitadelestambre.com\/index.php?rest_route=\/wp\/v2\/product"}],"about":[{"href":"https:\/\/bodeguitadelestambre.com\/index.php?rest_route=\/wp\/v2\/types\/product"}],"wp:featuredmedia":[{"embeddable":true,"href":"https:\/\/bodeguitadelestambre.com\/index.php?rest_route=\/wp\/v2\/media\/2031"}],"wp:attachment":[{"href":"https:\/\/bodeguitadelestambre.com\/index.php?rest_route=%2Fwp%2Fv2%2Fmedia&parent=2013"}],"wp:term":[{"taxonomy":"product_cat","embeddable":true,"href":"https:\/\/bodeguitadelestambre.com\/index.php?rest_route=%2Fwp%2Fv2%2Fproduct_cat&post=2013"},{"taxonomy":"product_tag","embeddable":true,"href":"https:\/\/bodeguitadelestambre.com\/index.php?rest_route=%2Fwp%2Fv2%2Fproduct_tag&post=2013"}],"curies":[{"name":"wp","href":"https:\/\/api.w.org\/{rel}","templated":true}]}}