{"id":2078,"date":"2023-03-29T03:28:37","date_gmt":"2023-03-29T03:28:37","guid":{"rendered":"https:\/\/bodeguitadelestambre.com\/?post_type=product&#038;p=2078"},"modified":"2023-03-30T00:30:46","modified_gmt":"2023-03-30T00:30:46","slug":"aguja-de-bambu-una-punta","status":"publish","type":"product","link":"https:\/\/bodeguitadelestambre.com\/?product=aguja-de-bambu-una-punta","title":{"rendered":"Aguja de Bamb\u00fa una Punta"},"content":{"rendered":"<p>Un Par de Agujas de Bamb\u00fa Natural 100%, S\u00faper Ligeras y resistentes. En medidas de 2.0 mm\/2.5 mm \/3.0 mm\/3.5 mm\/4.0 mm\/4.5 mm\/5.0 mm\/5.5 mm\/6.0 mm\/6.5 mm\/7 mm\/8 mm marcadas en el mango.<\/p>\n<p>1. Acabado liso, sin bordes \u00e1speros, con una punta afilada perfectamente redondeada. Permite que el estambre se deslice libremente.<\/p>\n<p><span class=\"a-list-item\">2. Las agujas de bamb\u00fa son perfectas para tejer suave y c\u00f3modamente piezas como su\u00e9teres, gorros, bufandas, guantes, calcetines, zapatos, y muchas cosas m\u00e1s.<\/span><\/p>\n","protected":false},"excerpt":{"rendered":"<p>Un Par de Agujas de Bamb\u00fa Natural 100%, S\u00faper Ligeras y resistentes. En medidas de 2.0 mm\/2.5 mm \/3.0 mm\/3.5 mm\/4.0 mm\/4.5 mm\/5.0 mm\/5.5 mm\/6.0 mm\/6.5 mm\/7 mm\/8 mm marcadas en el mango. 1. Acabado liso, sin bordes \u00e1speros, con una punta afilada perfectamente redondeada. Permite que el estambre se deslice libremente. 2. Las agujas &hellip;<\/p>\n<p class=\"read-more\"> <a class=\"\" href=\"https:\/\/bodeguitadelestambre.com\/?product=aguja-de-bambu-una-punta\"> <span class=\"screen-reader-text\">Aguja de Bamb\u00fa una Punta<\/span> Leer m\u00e1s &raquo;<\/a><\/p>\n","protected":false},"featured_media":2145,"template":"","meta":{"_uag_custom_page_level_css":"","site-sidebar-layout":"default","site-content-layout":"default","ast-global-header-display":"","ast-main-header-display":"","ast-hfb-above-header-display":"","ast-hfb-below-header-display":"","ast-hfb-mobile-header-display":"","site-post-title":"","ast-breadcrumbs-content":"","ast-featured-img":"","footer-sml-layout":"","theme-transparent-header-meta":"default","adv-header-id-meta":"","stick-header-meta":"","header-above-stick-meta":"","header-main-stick-meta":"","header-below-stick-meta":""},"product_cat":[24,46],"product_tag":[],"uagb_featured_image_src":{"full":["https:\/\/bodeguitadelestambre.com\/wp-content\/uploads\/2023\/03\/Agujas-Bambu.jpeg",800,800,false],"thumbnail":["https:\/\/bodeguitadelestambre.com\/wp-content\/uploads\/2023\/03\/Agujas-Bambu.jpeg",150,150,false],"medium":["https:\/\/bodeguitadelestambre.com\/wp-content\/uploads\/2023\/03\/Agujas-Bambu.jpeg",300,300,false],"medium_large":["https:\/\/bodeguitadelestambre.com\/wp-content\/uploads\/2023\/03\/Agujas-Bambu.jpeg",768,768,false],"large":["https:\/\/bodeguitadelestambre.com\/wp-content\/uploads\/2023\/03\/Agujas-Bambu.jpeg",800,800,false],"1536x1536":["https:\/\/bodeguitadelestambre.com\/wp-content\/uploads\/2023\/03\/Agujas-Bambu.jpeg",800,800,false],"2048x2048":["https:\/\/bodeguitadelestambre.com\/wp-content\/uploads\/2023\/03\/Agujas-Bambu.jpeg",800,800,false],"woocommerce_thumbnail":["https:\/\/bodeguitadelestambre.com\/wp-content\/uploads\/2023\/03\/Agujas-Bambu-200x150.jpeg",200,150,true],"woocommerce_single":["https:\/\/bodeguitadelestambre.com\/wp-content\/uploads\/2023\/03\/Agujas-Bambu-600x600.jpeg",600,600,true],"woocommerce_gallery_thumbnail":["https:\/\/bodeguitadelestambre.com\/wp-content\/uploads\/2023\/03\/Agujas-Bambu-100x100.jpeg",100,100,true]},"uagb_author_info":{"display_name":"Marcos Morales","author_link":"https:\/\/bodeguitadelestambre.com\/?author=0"},"uagb_comment_info":0,"uagb_excerpt":"Un Par de Agujas de Bamb\u00fa Natural 100%, S\u00faper Ligeras y resistentes. En medidas de 2.0 mm\/2.5 mm \/3.0 mm\/3.5 mm\/4.0 mm\/4.5 mm\/5.0 mm\/5.5 mm\/6.0 mm\/6.5 mm\/7 mm\/8 mm marcadas en el mango. 1. Acabado liso, sin bordes \u00e1speros, con una punta afilada perfectamente redondeada. Permite que el estambre se deslice libremente. 2. Las agujas&hellip;","_links":{"self":[{"href":"https:\/\/bodeguitadelestambre.com\/index.php?rest_route=\/wp\/v2\/product\/2078"}],"collection":[{"href":"https:\/\/bodeguitadelestambre.com\/index.php?rest_route=\/wp\/v2\/product"}],"about":[{"href":"https:\/\/bodeguitadelestambre.com\/index.php?rest_route=\/wp\/v2\/types\/product"}],"wp:featuredmedia":[{"embeddable":true,"href":"https:\/\/bodeguitadelestambre.com\/index.php?rest_route=\/wp\/v2\/media\/2145"}],"wp:attachment":[{"href":"https:\/\/bodeguitadelestambre.com\/index.php?rest_route=%2Fwp%2Fv2%2Fmedia&parent=2078"}],"wp:term":[{"taxonomy":"product_cat","embeddable":true,"href":"https:\/\/bodeguitadelestambre.com\/index.php?rest_route=%2Fwp%2Fv2%2Fproduct_cat&post=2078"},{"taxonomy":"product_tag","embeddable":true,"href":"https:\/\/bodeguitadelestambre.com\/index.php?rest_route=%2Fwp%2Fv2%2Fproduct_tag&post=2078"}],"curies":[{"name":"wp","href":"https:\/\/api.w.org\/{rel}","templated":true}]}}