{"id":2548,"date":"2023-04-25T02:21:00","date_gmt":"2023-04-25T02:21:00","guid":{"rendered":"https:\/\/bodeguitadelestambre.com\/?post_type=product&#038;p=2548"},"modified":"2023-04-25T02:27:38","modified_gmt":"2023-04-25T02:27:38","slug":"broche-de-iman-14-mm","status":"publish","type":"product","link":"https:\/\/bodeguitadelestambre.com\/?product=broche-de-iman-14-mm","title":{"rendered":"Broche Magn\u00e9tico de 14 mm"},"content":{"rendered":"<p>Broche met\u00e1lico magn\u00e9tico (Im\u00e1n) de alta atracci\u00f3n.<\/p>\n<p>Medidas 14 mm x 14 mm<\/p>\n<p>Paquete con 5 broches<\/p>\n","protected":false},"excerpt":{"rendered":"<p>Met\u00e1lico<\/p>\n","protected":false},"featured_media":2550,"template":"","meta":{"_uag_custom_page_level_css":"","site-sidebar-layout":"default","site-content-layout":"default","ast-global-header-display":"","ast-main-header-display":"","ast-hfb-above-header-display":"","ast-hfb-below-header-display":"","ast-hfb-mobile-header-display":"","site-post-title":"","ast-breadcrumbs-content":"","ast-featured-img":"","footer-sml-layout":"","theme-transparent-header-meta":"default","adv-header-id-meta":"","stick-header-meta":"","header-above-stick-meta":"","header-main-stick-meta":"","header-below-stick-meta":""},"product_cat":[24],"product_tag":[],"uagb_featured_image_src":{"full":["https:\/\/bodeguitadelestambre.com\/wp-content\/uploads\/2023\/04\/Broche_Iman-8-scaled.jpg",2560,1916,false],"thumbnail":["https:\/\/bodeguitadelestambre.com\/wp-content\/uploads\/2023\/04\/Broche_Iman-8-150x150.jpg",150,150,true],"medium":["https:\/\/bodeguitadelestambre.com\/wp-content\/uploads\/2023\/04\/Broche_Iman-8-300x224.jpg",300,224,true],"medium_large":["https:\/\/bodeguitadelestambre.com\/wp-content\/uploads\/2023\/04\/Broche_Iman-8-768x575.jpg",768,575,true],"large":["https:\/\/bodeguitadelestambre.com\/wp-content\/uploads\/2023\/04\/Broche_Iman-8-1024x766.jpg",1024,766,true],"1536x1536":["https:\/\/bodeguitadelestambre.com\/wp-content\/uploads\/2023\/04\/Broche_Iman-8-1536x1149.jpg",1536,1149,true],"2048x2048":["https:\/\/bodeguitadelestambre.com\/wp-content\/uploads\/2023\/04\/Broche_Iman-8-2048x1532.jpg",2048,1532,true],"woocommerce_thumbnail":["https:\/\/bodeguitadelestambre.com\/wp-content\/uploads\/2023\/04\/Broche_Iman-8-200x150.jpg",200,150,true],"woocommerce_single":["https:\/\/bodeguitadelestambre.com\/wp-content\/uploads\/2023\/04\/Broche_Iman-8-600x449.jpg",600,449,true],"woocommerce_gallery_thumbnail":["https:\/\/bodeguitadelestambre.com\/wp-content\/uploads\/2023\/04\/Broche_Iman-8-100x100.jpg",100,100,true]},"uagb_author_info":{"display_name":"Marcos Morales","author_link":"https:\/\/bodeguitadelestambre.com\/?author=0"},"uagb_comment_info":0,"uagb_excerpt":"Met\u00e1lico","_links":{"self":[{"href":"https:\/\/bodeguitadelestambre.com\/index.php?rest_route=\/wp\/v2\/product\/2548"}],"collection":[{"href":"https:\/\/bodeguitadelestambre.com\/index.php?rest_route=\/wp\/v2\/product"}],"about":[{"href":"https:\/\/bodeguitadelestambre.com\/index.php?rest_route=\/wp\/v2\/types\/product"}],"wp:featuredmedia":[{"embeddable":true,"href":"https:\/\/bodeguitadelestambre.com\/index.php?rest_route=\/wp\/v2\/media\/2550"}],"wp:attachment":[{"href":"https:\/\/bodeguitadelestambre.com\/index.php?rest_route=%2Fwp%2Fv2%2Fmedia&parent=2548"}],"wp:term":[{"taxonomy":"product_cat","embeddable":true,"href":"https:\/\/bodeguitadelestambre.com\/index.php?rest_route=%2Fwp%2Fv2%2Fproduct_cat&post=2548"},{"taxonomy":"product_tag","embeddable":true,"href":"https:\/\/bodeguitadelestambre.com\/index.php?rest_route=%2Fwp%2Fv2%2Fproduct_tag&post=2548"}],"curies":[{"name":"wp","href":"https:\/\/api.w.org\/{rel}","templated":true}]}}