{"id":2793,"date":"2025-04-12T21:08:57","date_gmt":"2025-04-12T21:08:57","guid":{"rendered":"https:\/\/bodeguitadelestambre.com\/?post_type=product&#038;p=2793"},"modified":"2025-04-12T21:08:57","modified_gmt":"2025-04-12T21:08:57","slug":"cobija-para-bebe-alegria-amarilla","status":"publish","type":"product","link":"https:\/\/bodeguitadelestambre.com\/?product=cobija-para-bebe-alegria-amarilla","title":{"rendered":"Cobija para beb\u00e9 Alegr\u00eda Amarilla"},"content":{"rendered":"<p>COBIJA PARA BEB\u00c9,\u00a0 TEJIDA CON T\u00c9CNICA DE GANCHO<\/p>\n<p>EXCELENTE OPCI\u00d3N PARA UN FINO REGALO!!!!!!!!!!! O SIMPLEMENTE POR CONSENTIR A TU BEB\u00c9<\/p>\n<p>Combinaci\u00f3n de Colores: amarillo y blanco<br \/>\nDise\u00f1o: Fantas\u00eda<br \/>\nMedidas: 113 cm Ancho X\u00a0 91 Cm Largo<br \/>\nTejida con estambre acr\u00edlico de calidad premium<br \/>\nLavable en casa &#8211; No se deforma &#8211; No se decolora &#8211; No hace bolitas.<br \/>\nPrelavada.<\/p>\n","protected":false},"excerpt":{"rendered":"<p>COBIJA PARA BEB\u00c9,\u00a0 TEJIDA CON T\u00c9CNICA DE GANCHO EXCELENTE OPCI\u00d3N PARA UN FINO REGALO!!!!!!!!!!! O SIMPLEMENTE POR CONSENTIR A TU BEB\u00c9 Combinaci\u00f3n de Colores: amarillo y blanco Dise\u00f1o: Fantas\u00eda Medidas: 113 cm Ancho X\u00a0 91 Cm Largo Tejida con estambre acr\u00edlico de calidad premium Lavable en casa &#8211; No se deforma &#8211; No se decolora &hellip;<\/p>\n<p class=\"read-more\"> <a class=\"\" href=\"https:\/\/bodeguitadelestambre.com\/?product=cobija-para-bebe-alegria-amarilla\"> <span class=\"screen-reader-text\">Cobija para beb\u00e9 Alegr\u00eda Amarilla<\/span> Leer m\u00e1s &raquo;<\/a><\/p>\n","protected":false},"featured_media":2794,"template":"","meta":{"_uag_custom_page_level_css":"","site-sidebar-layout":"default","site-content-layout":"default","ast-global-header-display":"","ast-main-header-display":"","ast-hfb-above-header-display":"","ast-hfb-below-header-display":"","ast-hfb-mobile-header-display":"","site-post-title":"","ast-breadcrumbs-content":"","ast-featured-img":"","footer-sml-layout":"","theme-transparent-header-meta":"default","adv-header-id-meta":"","stick-header-meta":"","header-above-stick-meta":"","header-main-stick-meta":"","header-below-stick-meta":""},"product_cat":[23,34,46],"product_tag":[],"uagb_featured_image_src":{"full":["https:\/\/bodeguitadelestambre.com\/wp-content\/uploads\/2025\/04\/AlegriaAmarilla-1-scaled.jpg",2560,2560,false],"thumbnail":["https:\/\/bodeguitadelestambre.com\/wp-content\/uploads\/2025\/04\/AlegriaAmarilla-1-150x150.jpg",150,150,true],"medium":["https:\/\/bodeguitadelestambre.com\/wp-content\/uploads\/2025\/04\/AlegriaAmarilla-1-300x300.jpg",300,300,true],"medium_large":["https:\/\/bodeguitadelestambre.com\/wp-content\/uploads\/2025\/04\/AlegriaAmarilla-1-768x768.jpg",768,768,true],"large":["https:\/\/bodeguitadelestambre.com\/wp-content\/uploads\/2025\/04\/AlegriaAmarilla-1-1024x1024.jpg",1024,1024,true],"1536x1536":["https:\/\/bodeguitadelestambre.com\/wp-content\/uploads\/2025\/04\/AlegriaAmarilla-1-1536x1536.jpg",1536,1536,true],"2048x2048":["https:\/\/bodeguitadelestambre.com\/wp-content\/uploads\/2025\/04\/AlegriaAmarilla-1-2048x2048.jpg",2048,2048,true],"woocommerce_thumbnail":["https:\/\/bodeguitadelestambre.com\/wp-content\/uploads\/2025\/04\/AlegriaAmarilla-1-200x150.jpg",200,150,true],"woocommerce_single":["https:\/\/bodeguitadelestambre.com\/wp-content\/uploads\/2025\/04\/AlegriaAmarilla-1-600x600.jpg",600,600,true],"woocommerce_gallery_thumbnail":["https:\/\/bodeguitadelestambre.com\/wp-content\/uploads\/2025\/04\/AlegriaAmarilla-1-100x100.jpg",100,100,true]},"uagb_author_info":{"display_name":"Marcos Morales","author_link":"https:\/\/bodeguitadelestambre.com\/?author=0"},"uagb_comment_info":0,"uagb_excerpt":"COBIJA PARA BEB\u00c9,\u00a0 TEJIDA CON T\u00c9CNICA DE GANCHO EXCELENTE OPCI\u00d3N PARA UN FINO REGALO!!!!!!!!!!! O SIMPLEMENTE POR CONSENTIR A TU BEB\u00c9 Combinaci\u00f3n de Colores: amarillo y blanco Dise\u00f1o: Fantas\u00eda Medidas: 113 cm Ancho X\u00a0 91 Cm Largo Tejida con estambre acr\u00edlico de calidad premium Lavable en casa &#8211; No se deforma &#8211; No se decolora&hellip;","_links":{"self":[{"href":"https:\/\/bodeguitadelestambre.com\/index.php?rest_route=\/wp\/v2\/product\/2793"}],"collection":[{"href":"https:\/\/bodeguitadelestambre.com\/index.php?rest_route=\/wp\/v2\/product"}],"about":[{"href":"https:\/\/bodeguitadelestambre.com\/index.php?rest_route=\/wp\/v2\/types\/product"}],"wp:featuredmedia":[{"embeddable":true,"href":"https:\/\/bodeguitadelestambre.com\/index.php?rest_route=\/wp\/v2\/media\/2794"}],"wp:attachment":[{"href":"https:\/\/bodeguitadelestambre.com\/index.php?rest_route=%2Fwp%2Fv2%2Fmedia&parent=2793"}],"wp:term":[{"taxonomy":"product_cat","embeddable":true,"href":"https:\/\/bodeguitadelestambre.com\/index.php?rest_route=%2Fwp%2Fv2%2Fproduct_cat&post=2793"},{"taxonomy":"product_tag","embeddable":true,"href":"https:\/\/bodeguitadelestambre.com\/index.php?rest_route=%2Fwp%2Fv2%2Fproduct_tag&post=2793"}],"curies":[{"name":"wp","href":"https:\/\/api.w.org\/{rel}","templated":true}]}}