{"id":2824,"date":"2025-04-12T23:55:28","date_gmt":"2025-04-12T23:55:28","guid":{"rendered":"https:\/\/bodeguitadelestambre.com\/?post_type=product&#038;p=2824"},"modified":"2025-04-12T23:55:28","modified_gmt":"2025-04-12T23:55:28","slug":"bolsa-de-mano-capuchino","status":"publish","type":"product","link":"https:\/\/bodeguitadelestambre.com\/?product=bolsa-de-mano-capuchino","title":{"rendered":"Bolsa de Mano Capuchino"},"content":{"rendered":"<p>Bolso de Mano elaborado con t\u00e9cnica de gancho en hilo de algod\u00f3n de 3mm de calidad premium.<\/p>\n<p><span style=\"font-size: 16px;\">Color Capuchino, muy suave al tacto, ideal para el uso diario y casual, muy f\u00e1cil de combinar.<\/span><\/p>\n<p>Cierre con broche tipo langosta. Lavado a mano, no decolora,\u00a0 cero deformaciones.<\/p>\n<p>Gran espacio con Medidas aprox. Altura 28 cm x Ancho 38 cm x Profundidad 4 cms<\/p>\n<p><em>Nota: El color del producto puede presentar ligeras diferencias debido configuraci\u00f3n de las pantalla en la que se visualiza esta publicaci\u00f3n.<\/em><\/p>\n<p>&nbsp;<\/p>\n","protected":false},"excerpt":{"rendered":"<p>Bolso de Mano elaborado con t\u00e9cnica de gancho en hilo de algod\u00f3n de 3mm de calidad premium. Color Capuchino, muy suave al tacto, ideal para el uso diario y casual, muy f\u00e1cil de combinar. Cierre con broche tipo langosta. Lavado a mano, no decolora,\u00a0 cero deformaciones. Gran espacio con Medidas aprox. Altura 28 cm x &hellip;<\/p>\n<p class=\"read-more\"> <a class=\"\" href=\"https:\/\/bodeguitadelestambre.com\/?product=bolsa-de-mano-capuchino\"> <span class=\"screen-reader-text\">Bolsa de Mano Capuchino<\/span> Leer m\u00e1s &raquo;<\/a><\/p>\n","protected":false},"featured_media":2825,"template":"","meta":{"_uag_custom_page_level_css":"","site-sidebar-layout":"default","site-content-layout":"default","ast-global-header-display":"","ast-main-header-display":"","ast-hfb-above-header-display":"","ast-hfb-below-header-display":"","ast-hfb-mobile-header-display":"","site-post-title":"","ast-breadcrumbs-content":"","ast-featured-img":"","footer-sml-layout":"","theme-transparent-header-meta":"default","adv-header-id-meta":"","stick-header-meta":"","header-above-stick-meta":"","header-main-stick-meta":"","header-below-stick-meta":""},"product_cat":[33,23,46],"product_tag":[],"uagb_featured_image_src":{"full":["https:\/\/bodeguitadelestambre.com\/wp-content\/uploads\/2025\/04\/Tote_capuchino-1-scaled.jpg",2560,2560,false],"thumbnail":["https:\/\/bodeguitadelestambre.com\/wp-content\/uploads\/2025\/04\/Tote_capuchino-1-150x150.jpg",150,150,true],"medium":["https:\/\/bodeguitadelestambre.com\/wp-content\/uploads\/2025\/04\/Tote_capuchino-1-300x300.jpg",300,300,true],"medium_large":["https:\/\/bodeguitadelestambre.com\/wp-content\/uploads\/2025\/04\/Tote_capuchino-1-768x768.jpg",768,768,true],"large":["https:\/\/bodeguitadelestambre.com\/wp-content\/uploads\/2025\/04\/Tote_capuchino-1-1024x1024.jpg",1024,1024,true],"1536x1536":["https:\/\/bodeguitadelestambre.com\/wp-content\/uploads\/2025\/04\/Tote_capuchino-1-1536x1536.jpg",1536,1536,true],"2048x2048":["https:\/\/bodeguitadelestambre.com\/wp-content\/uploads\/2025\/04\/Tote_capuchino-1-2048x2048.jpg",2048,2048,true],"woocommerce_thumbnail":["https:\/\/bodeguitadelestambre.com\/wp-content\/uploads\/2025\/04\/Tote_capuchino-1-200x150.jpg",200,150,true],"woocommerce_single":["https:\/\/bodeguitadelestambre.com\/wp-content\/uploads\/2025\/04\/Tote_capuchino-1-600x600.jpg",600,600,true],"woocommerce_gallery_thumbnail":["https:\/\/bodeguitadelestambre.com\/wp-content\/uploads\/2025\/04\/Tote_capuchino-1-100x100.jpg",100,100,true]},"uagb_author_info":{"display_name":"Marcos Morales","author_link":"https:\/\/bodeguitadelestambre.com\/?author=0"},"uagb_comment_info":0,"uagb_excerpt":"Bolso de Mano elaborado con t\u00e9cnica de gancho en hilo de algod\u00f3n de 3mm de calidad premium. Color Capuchino, muy suave al tacto, ideal para el uso diario y casual, muy f\u00e1cil de combinar. Cierre con broche tipo langosta. Lavado a mano, no decolora,\u00a0 cero deformaciones. Gran espacio con Medidas aprox. Altura 28 cm x&hellip;","_links":{"self":[{"href":"https:\/\/bodeguitadelestambre.com\/index.php?rest_route=\/wp\/v2\/product\/2824"}],"collection":[{"href":"https:\/\/bodeguitadelestambre.com\/index.php?rest_route=\/wp\/v2\/product"}],"about":[{"href":"https:\/\/bodeguitadelestambre.com\/index.php?rest_route=\/wp\/v2\/types\/product"}],"wp:featuredmedia":[{"embeddable":true,"href":"https:\/\/bodeguitadelestambre.com\/index.php?rest_route=\/wp\/v2\/media\/2825"}],"wp:attachment":[{"href":"https:\/\/bodeguitadelestambre.com\/index.php?rest_route=%2Fwp%2Fv2%2Fmedia&parent=2824"}],"wp:term":[{"taxonomy":"product_cat","embeddable":true,"href":"https:\/\/bodeguitadelestambre.com\/index.php?rest_route=%2Fwp%2Fv2%2Fproduct_cat&post=2824"},{"taxonomy":"product_tag","embeddable":true,"href":"https:\/\/bodeguitadelestambre.com\/index.php?rest_route=%2Fwp%2Fv2%2Fproduct_tag&post=2824"}],"curies":[{"name":"wp","href":"https:\/\/api.w.org\/{rel}","templated":true}]}}