{"id":656,"date":"2023-03-12T02:41:20","date_gmt":"2023-03-12T02:41:20","guid":{"rendered":"https:\/\/bodeguitadelestambre.com\/?post_type=product&#038;p=656"},"modified":"2024-03-16T20:37:29","modified_gmt":"2024-03-16T20:37:29","slug":"estambre-kuku-super","status":"publish","type":"product","link":"https:\/\/bodeguitadelestambre.com\/?product=estambre-kuku-super","title":{"rendered":"Estambre &#8211; Kuk\u00fa S\u00faper"},"content":{"rendered":"<p>Estambre cl\u00e1sico, grueso para tejido r\u00e1pido 100% fibra acr\u00edlica. Madeja 200gr \/ 452mts<\/p>\n<p>Sugerido: Aguja 4.0 &#8211; 4.5 mm \/ Gancho 4.0 mm<\/p>\n","protected":false},"excerpt":{"rendered":"<p>Madeja 200gr \/ 452mts<\/p>\n","protected":false},"featured_media":1940,"template":"","meta":{"_uag_custom_page_level_css":"","site-sidebar-layout":"default","site-content-layout":"default","ast-global-header-display":"","ast-main-header-display":"","ast-hfb-above-header-display":"","ast-hfb-below-header-display":"","ast-hfb-mobile-header-display":"","site-post-title":"","ast-breadcrumbs-content":"","ast-featured-img":"","footer-sml-layout":"","theme-transparent-header-meta":"default","adv-header-id-meta":"","stick-header-meta":"","header-above-stick-meta":"","header-main-stick-meta":"","header-below-stick-meta":""},"product_cat":[22,27,50,46],"product_tag":[],"uagb_featured_image_src":{"full":["https:\/\/bodeguitadelestambre.com\/wp-content\/uploads\/2023\/03\/S_Rojo_8045-scaled.jpg",2560,1916,false],"thumbnail":["https:\/\/bodeguitadelestambre.com\/wp-content\/uploads\/2023\/03\/S_Rojo_8045-150x150.jpg",150,150,true],"medium":["https:\/\/bodeguitadelestambre.com\/wp-content\/uploads\/2023\/03\/S_Rojo_8045-300x224.jpg",300,224,true],"medium_large":["https:\/\/bodeguitadelestambre.com\/wp-content\/uploads\/2023\/03\/S_Rojo_8045-768x575.jpg",768,575,true],"large":["https:\/\/bodeguitadelestambre.com\/wp-content\/uploads\/2023\/03\/S_Rojo_8045-1024x766.jpg",1024,766,true],"1536x1536":["https:\/\/bodeguitadelestambre.com\/wp-content\/uploads\/2023\/03\/S_Rojo_8045-1536x1149.jpg",1536,1149,true],"2048x2048":["https:\/\/bodeguitadelestambre.com\/wp-content\/uploads\/2023\/03\/S_Rojo_8045-2048x1532.jpg",2048,1532,true],"woocommerce_thumbnail":["https:\/\/bodeguitadelestambre.com\/wp-content\/uploads\/2023\/03\/S_Rojo_8045-scaled-200x150.jpg",200,150,true],"woocommerce_single":["https:\/\/bodeguitadelestambre.com\/wp-content\/uploads\/2023\/03\/S_Rojo_8045-scaled-600x449.jpg",600,449,true],"woocommerce_gallery_thumbnail":["https:\/\/bodeguitadelestambre.com\/wp-content\/uploads\/2023\/03\/S_Rojo_8045-scaled-100x100.jpg",100,100,true]},"uagb_author_info":{"display_name":"Marcos Morales","author_link":"https:\/\/bodeguitadelestambre.com\/?author=0"},"uagb_comment_info":0,"uagb_excerpt":"Madeja 200gr \/ 452mts","_links":{"self":[{"href":"https:\/\/bodeguitadelestambre.com\/index.php?rest_route=\/wp\/v2\/product\/656"}],"collection":[{"href":"https:\/\/bodeguitadelestambre.com\/index.php?rest_route=\/wp\/v2\/product"}],"about":[{"href":"https:\/\/bodeguitadelestambre.com\/index.php?rest_route=\/wp\/v2\/types\/product"}],"wp:featuredmedia":[{"embeddable":true,"href":"https:\/\/bodeguitadelestambre.com\/index.php?rest_route=\/wp\/v2\/media\/1940"}],"wp:attachment":[{"href":"https:\/\/bodeguitadelestambre.com\/index.php?rest_route=%2Fwp%2Fv2%2Fmedia&parent=656"}],"wp:term":[{"taxonomy":"product_cat","embeddable":true,"href":"https:\/\/bodeguitadelestambre.com\/index.php?rest_route=%2Fwp%2Fv2%2Fproduct_cat&post=656"},{"taxonomy":"product_tag","embeddable":true,"href":"https:\/\/bodeguitadelestambre.com\/index.php?rest_route=%2Fwp%2Fv2%2Fproduct_tag&post=656"}],"curies":[{"name":"wp","href":"https:\/\/api.w.org\/{rel}","templated":true}]}}