{"id":659,"date":"2023-03-12T02:48:47","date_gmt":"2023-03-12T02:48:47","guid":{"rendered":"https:\/\/bodeguitadelestambre.com\/?post_type=product&#038;p=659"},"modified":"2025-03-12T18:14:13","modified_gmt":"2025-03-12T18:14:13","slug":"hilaza-sinfonia","status":"publish","type":"product","link":"https:\/\/bodeguitadelestambre.com\/?product=hilaza-sinfonia","title":{"rendered":"Hilaza &#8211; Sinfon\u00eda"},"content":{"rendered":"<p>Hilaza gruesa de algod\u00f3n para tejido de moda, 100% algod\u00f3n mercerizado. Madeja 100gr \/ 212mts<\/p>\n<p>Sugerido: Aguja 3.0 &#8211; 3.5 mm \/ Gancho 3.0 &#8211; 3.5 mm<\/p>\n","protected":false},"excerpt":{"rendered":"<p>Madeja 100gr \/ 212mts<\/p>\n","protected":false},"featured_media":1823,"template":"","meta":{"_uag_custom_page_level_css":"","site-sidebar-layout":"default","site-content-layout":"default","ast-global-header-display":"","ast-main-header-display":"","ast-hfb-above-header-display":"","ast-hfb-below-header-display":"","ast-hfb-mobile-header-display":"","site-post-title":"","ast-breadcrumbs-content":"","ast-featured-img":"","footer-sml-layout":"","theme-transparent-header-meta":"default","adv-header-id-meta":"","stick-header-meta":"","header-above-stick-meta":"","header-main-stick-meta":"","header-below-stick-meta":""},"product_cat":[29,49,39,46],"product_tag":[],"uagb_featured_image_src":{"full":["https:\/\/bodeguitadelestambre.com\/wp-content\/uploads\/2023\/03\/01_Portada-scaled.jpg",2560,1531,false],"thumbnail":["https:\/\/bodeguitadelestambre.com\/wp-content\/uploads\/2023\/03\/01_Portada-scaled.jpg",150,90,false],"medium":["https:\/\/bodeguitadelestambre.com\/wp-content\/uploads\/2023\/03\/01_Portada-scaled.jpg",300,179,false],"medium_large":["https:\/\/bodeguitadelestambre.com\/wp-content\/uploads\/2023\/03\/01_Portada-scaled.jpg",768,459,false],"large":["https:\/\/bodeguitadelestambre.com\/wp-content\/uploads\/2023\/03\/01_Portada-scaled.jpg",1024,612,false],"1536x1536":["https:\/\/bodeguitadelestambre.com\/wp-content\/uploads\/2023\/03\/01_Portada-scaled.jpg",1536,919,false],"2048x2048":["https:\/\/bodeguitadelestambre.com\/wp-content\/uploads\/2023\/03\/01_Portada-scaled.jpg",2048,1225,false],"woocommerce_thumbnail":["https:\/\/bodeguitadelestambre.com\/wp-content\/uploads\/2023\/03\/01_Portada-scaled-200x150.jpg",200,150,true],"woocommerce_single":["https:\/\/bodeguitadelestambre.com\/wp-content\/uploads\/2023\/03\/01_Portada-scaled-600x359.jpg",600,359,true],"woocommerce_gallery_thumbnail":["https:\/\/bodeguitadelestambre.com\/wp-content\/uploads\/2023\/03\/01_Portada-scaled-100x100.jpg",100,100,true]},"uagb_author_info":{"display_name":"Marcos Morales","author_link":"https:\/\/bodeguitadelestambre.com\/?author=0"},"uagb_comment_info":0,"uagb_excerpt":"Madeja 100gr \/ 212mts","_links":{"self":[{"href":"https:\/\/bodeguitadelestambre.com\/index.php?rest_route=\/wp\/v2\/product\/659"}],"collection":[{"href":"https:\/\/bodeguitadelestambre.com\/index.php?rest_route=\/wp\/v2\/product"}],"about":[{"href":"https:\/\/bodeguitadelestambre.com\/index.php?rest_route=\/wp\/v2\/types\/product"}],"wp:featuredmedia":[{"embeddable":true,"href":"https:\/\/bodeguitadelestambre.com\/index.php?rest_route=\/wp\/v2\/media\/1823"}],"wp:attachment":[{"href":"https:\/\/bodeguitadelestambre.com\/index.php?rest_route=%2Fwp%2Fv2%2Fmedia&parent=659"}],"wp:term":[{"taxonomy":"product_cat","embeddable":true,"href":"https:\/\/bodeguitadelestambre.com\/index.php?rest_route=%2Fwp%2Fv2%2Fproduct_cat&post=659"},{"taxonomy":"product_tag","embeddable":true,"href":"https:\/\/bodeguitadelestambre.com\/index.php?rest_route=%2Fwp%2Fv2%2Fproduct_tag&post=659"}],"curies":[{"name":"wp","href":"https:\/\/api.w.org\/{rel}","templated":true}]}}