{"id":661,"date":"2023-03-12T02:52:40","date_gmt":"2023-03-12T02:52:40","guid":{"rendered":"https:\/\/bodeguitadelestambre.com\/?post_type=product&#038;p=661"},"modified":"2024-08-31T13:19:22","modified_gmt":"2024-08-31T13:19:22","slug":"hilaza-otono","status":"publish","type":"product","link":"https:\/\/bodeguitadelestambre.com\/?product=hilaza-otono","title":{"rendered":"Hilaza &#8211; Oto\u00f1o"},"content":{"rendered":"<p>Hilaza semigruesa ideal para tejido de prendas casual, hogar y decoraci\u00f3n, 100% algod\u00f3n mercerizado. Madeja 100gr \/ 180mts<\/p>\n<p>Sugerido: Aguja 4.5 &#8211; 5.0 mm \/ Gancho 5.0 mm<\/p>\n","protected":false},"excerpt":{"rendered":"<p>Madeja 100gr \/ 180mts<\/p>\n","protected":false},"featured_media":1936,"template":"","meta":{"_uag_custom_page_level_css":"","site-sidebar-layout":"default","site-content-layout":"default","ast-global-header-display":"","ast-main-header-display":"","ast-hfb-above-header-display":"","ast-hfb-below-header-display":"","ast-hfb-mobile-header-display":"","site-post-title":"","ast-breadcrumbs-content":"","ast-featured-img":"","footer-sml-layout":"","theme-transparent-header-meta":"default","adv-header-id-meta":"","stick-header-meta":"","header-above-stick-meta":"","header-main-stick-meta":"","header-below-stick-meta":""},"product_cat":[29,41,46],"product_tag":[],"uagb_featured_image_src":{"full":["https:\/\/bodeguitadelestambre.com\/wp-content\/uploads\/2023\/03\/01_Portada-2-scaled.jpg",2560,1725,false],"thumbnail":["https:\/\/bodeguitadelestambre.com\/wp-content\/uploads\/2023\/03\/01_Portada-2-150x150.jpg",150,150,true],"medium":["https:\/\/bodeguitadelestambre.com\/wp-content\/uploads\/2023\/03\/01_Portada-2-300x202.jpg",300,202,true],"medium_large":["https:\/\/bodeguitadelestambre.com\/wp-content\/uploads\/2023\/03\/01_Portada-2-768x517.jpg",768,517,true],"large":["https:\/\/bodeguitadelestambre.com\/wp-content\/uploads\/2023\/03\/01_Portada-2-1024x690.jpg",1024,690,true],"1536x1536":["https:\/\/bodeguitadelestambre.com\/wp-content\/uploads\/2023\/03\/01_Portada-2-1536x1035.jpg",1536,1035,true],"2048x2048":["https:\/\/bodeguitadelestambre.com\/wp-content\/uploads\/2023\/03\/01_Portada-2-2048x1380.jpg",2048,1380,true],"woocommerce_thumbnail":["https:\/\/bodeguitadelestambre.com\/wp-content\/uploads\/2023\/03\/01_Portada-2-scaled-200x150.jpg",200,150,true],"woocommerce_single":["https:\/\/bodeguitadelestambre.com\/wp-content\/uploads\/2023\/03\/01_Portada-2-scaled-600x404.jpg",600,404,true],"woocommerce_gallery_thumbnail":["https:\/\/bodeguitadelestambre.com\/wp-content\/uploads\/2023\/03\/01_Portada-2-scaled-100x100.jpg",100,100,true]},"uagb_author_info":{"display_name":"Marcos Morales","author_link":"https:\/\/bodeguitadelestambre.com\/?author=0"},"uagb_comment_info":0,"uagb_excerpt":"Madeja 100gr \/ 180mts","_links":{"self":[{"href":"https:\/\/bodeguitadelestambre.com\/index.php?rest_route=\/wp\/v2\/product\/661"}],"collection":[{"href":"https:\/\/bodeguitadelestambre.com\/index.php?rest_route=\/wp\/v2\/product"}],"about":[{"href":"https:\/\/bodeguitadelestambre.com\/index.php?rest_route=\/wp\/v2\/types\/product"}],"wp:featuredmedia":[{"embeddable":true,"href":"https:\/\/bodeguitadelestambre.com\/index.php?rest_route=\/wp\/v2\/media\/1936"}],"wp:attachment":[{"href":"https:\/\/bodeguitadelestambre.com\/index.php?rest_route=%2Fwp%2Fv2%2Fmedia&parent=661"}],"wp:term":[{"taxonomy":"product_cat","embeddable":true,"href":"https:\/\/bodeguitadelestambre.com\/index.php?rest_route=%2Fwp%2Fv2%2Fproduct_cat&post=661"},{"taxonomy":"product_tag","embeddable":true,"href":"https:\/\/bodeguitadelestambre.com\/index.php?rest_route=%2Fwp%2Fv2%2Fproduct_tag&post=661"}],"curies":[{"name":"wp","href":"https:\/\/api.w.org\/{rel}","templated":true}]}}